{"id":529,"date":"2022-11-08T09:49:01","date_gmt":"2022-11-08T12:49:01","guid":{"rendered":"https:\/\/amazoo.vet.br\/?page_id=529"},"modified":"2023-12-15T17:06:06","modified_gmt":"2023-12-15T20:06:06","slug":"consulta","status":"publish","type":"page","link":"https:\/\/amazoo.vet.br\/?page_id=529","title":{"rendered":"Consulta"},"content":{"rendered":"\t\t<div data-elementor-type=\"wp-page\" data-elementor-id=\"529\" class=\"elementor elementor-529\" data-elementor-post-type=\"page\">\n\t\t\t\t\t\t<div class=\"elementor-inner\">\n\t\t\t\t<div class=\"elementor-section-wrap\">\n\t\t\t\t\t\t\t\t\t<section class=\"elementor-section elementor-top-section elementor-element elementor-element-d2759a2 elementor-section-stretched elementor-section-boxed elementor-section-height-default elementor-section-height-default\" data-id=\"d2759a2\" data-element_type=\"section\" data-settings=\"{&quot;stretch_section&quot;:&quot;section-stretched&quot;,&quot;jet_parallax_layout_list&quot;:[],&quot;background_background&quot;:&quot;classic&quot;}\">\n\t\t\t\t\t\t\t<div class=\"elementor-background-overlay\"><\/div>\n\t\t\t\t\t\t\t<div class=\"elementor-container elementor-column-gap-default\">\n\t\t\t\t\t\t\t<div class=\"elementor-row\">\n\t\t\t\t\t<div class=\"elementor-column elementor-col-50 elementor-top-column elementor-element elementor-element-36dd86e\" data-id=\"36dd86e\" data-element_type=\"column\">\n\t\t\t<div class=\"elementor-column-wrap elementor-element-populated\">\n\t\t\t\t\t\t\t<div class=\"elementor-widget-wrap\">\n\t\t\t\t\t\t\t\t<\/div>\n\t\t\t\t\t<\/div>\n\t\t<\/div>\n\t\t\t\t<div class=\"elementor-column elementor-col-50 elementor-top-column elementor-element elementor-element-b1bd1a1\" data-id=\"b1bd1a1\" data-element_type=\"column\">\n\t\t\t<div class=\"elementor-column-wrap elementor-element-populated\">\n\t\t\t\t\t\t\t<div class=\"elementor-widget-wrap\">\n\t\t\t\t\t\t<div class=\"elementor-element elementor-element-c50405f elementor-widget__width-auto elementor-widget elementor-widget-breadcrumbs\" data-id=\"c50405f\" data-element_type=\"widget\" data-widget_type=\"breadcrumbs.default\">\n\t\t\t\t<div class=\"elementor-widget-container\">\n\t\t\t<p id=\"breadcrumbs\"><span><span><a href=\"https:\/\/amazoo.vet.br\/\">In\u00edcio<\/a><\/span><\/span><\/p>\t\t<\/div>\n\t\t\t\t<\/div>\n\t\t\t\t\t\t<\/div>\n\t\t\t\t\t<\/div>\n\t\t<\/div>\n\t\t\t\t\t\t\t\t<\/div>\n\t\t\t\t\t<\/div>\n\t\t<\/section>\n\t\t\t\t<section class=\"elementor-section elementor-top-section elementor-element elementor-element-5f4becd elementor-section-boxed elementor-section-height-default elementor-section-height-default\" data-id=\"5f4becd\" data-element_type=\"section\" data-settings=\"{&quot;jet_parallax_layout_list&quot;:[]}\">\n\t\t\t\t\t\t<div class=\"elementor-container elementor-column-gap-default\">\n\t\t\t\t\t\t\t<div class=\"elementor-row\">\n\t\t\t\t\t<div class=\"elementor-column elementor-col-33 elementor-top-column elementor-element elementor-element-3cc07c6\" data-id=\"3cc07c6\" data-element_type=\"column\">\n\t\t\t<div class=\"elementor-column-wrap elementor-element-populated\">\n\t\t\t\t\t\t\t<div class=\"elementor-widget-wrap\">\n\t\t\t\t\t\t<div class=\"elementor-element elementor-element-ebe7031 elementor-widget elementor-widget-text-editor\" data-id=\"ebe7031\" data-element_type=\"widget\" data-widget_type=\"text-editor.default\">\n\t\t\t\t<div class=\"elementor-widget-container\">\n\t\t\t\t\t\t\t\t<div class=\"elementor-text-editor elementor-clearfix\">\n\t\t\t\t<h3 id=\"1211991418\" class=\"u_1211991418 dmNewParagraph\" data-element-type=\"paragraph\">O que \u00e9 avaliado no check-up?<\/h3><div id=\"1250789679\" class=\"u_1250789679 dmNewParagraph\" data-element-type=\"paragraph\"><p>Seu amigo passa, no check-up, por uma anamnese, avalia\u00e7\u00e3o f\u00edsica e, em alguns casos, exames laboratoriais para garantir que ele esteja saud\u00e1vel, e outras, sendo listadas:<\/p><\/div>\t\t\t\t\t<\/div>\n\t\t\t\t\t\t<\/div>\n\t\t\t\t<\/div>\n\t\t\t\t\t\t<\/div>\n\t\t\t\t\t<\/div>\n\t\t<\/div>\n\t\t\t\t<div class=\"elementor-column elementor-col-33 elementor-top-column elementor-element elementor-element-3a521f3\" data-id=\"3a521f3\" data-element_type=\"column\">\n\t\t\t<div class=\"elementor-column-wrap elementor-element-populated\">\n\t\t\t\t\t\t\t<div class=\"elementor-widget-wrap\">\n\t\t\t\t\t\t<div class=\"elementor-element elementor-element-c086e9d elementor-widget elementor-widget-text-editor\" data-id=\"c086e9d\" data-element_type=\"widget\" data-widget_type=\"text-editor.default\">\n\t\t\t\t<div class=\"elementor-widget-container\">\n\t\t\t\t\t\t\t\t<div class=\"elementor-text-editor elementor-clearfix\">\n\t\t\t\t<div id=\"1250789679\" class=\"u_1250789679 dmNewParagraph\" data-element-type=\"paragraph\"><div><ul class=\"innerList defaultList\"><li>Anamnese;<\/li><li>Exame f\u00edsico;<\/li><li>Hemograma;<\/li><li>Fun\u00e7\u00e3o Hep\u00e1tica<\/li><li>Verm\u00edfugo;<\/li><li>Exame de urina;<\/li><li>Exame de fezes;<\/li><\/ul><\/div><\/div>\t\t\t\t\t<\/div>\n\t\t\t\t\t\t<\/div>\n\t\t\t\t<\/div>\n\t\t\t\t\t\t<\/div>\n\t\t\t\t\t<\/div>\n\t\t<\/div>\n\t\t\t\t<div class=\"elementor-column elementor-col-33 elementor-top-column elementor-element elementor-element-6f7769d\" data-id=\"6f7769d\" data-element_type=\"column\">\n\t\t\t<div class=\"elementor-column-wrap elementor-element-populated\">\n\t\t\t\t\t\t\t<div class=\"elementor-widget-wrap\">\n\t\t\t\t\t\t<div class=\"elementor-element elementor-element-275ba61 elementor-widget elementor-widget-text-editor\" data-id=\"275ba61\" data-element_type=\"widget\" data-widget_type=\"text-editor.default\">\n\t\t\t\t<div class=\"elementor-widget-container\">\n\t\t\t\t\t\t\t\t<div class=\"elementor-text-editor elementor-clearfix\">\n\t\t\t\t<div id=\"1250789679\" class=\"u_1250789679 dmNewParagraph\" data-element-type=\"paragraph\"><ul class=\"innerList defaultList\"><li>Ultrassonografia abdominal;<\/li><li>Eletrocardiograma;<\/li><li>Vacina\u00e7\u00e3o<\/li><li>Medir temperatura corporal;<\/li><li>Conferir a sa\u00fade ocular;<\/li><li>Diagn\u00f3stico de doen\u00e7as silenciosas<\/li><li>Atualizar a carteira de vacina\u00e7\u00e3o<\/li><\/ul><\/div>\t\t\t\t\t<\/div>\n\t\t\t\t\t\t<\/div>\n\t\t\t\t<\/div>\n\t\t\t\t\t\t<\/div>\n\t\t\t\t\t<\/div>\n\t\t<\/div>\n\t\t\t\t\t\t\t\t<\/div>\n\t\t\t\t\t<\/div>\n\t\t<\/section>\n\t\t\t\t<section class=\"elementor-section elementor-top-section elementor-element elementor-element-f2cf833 elementor-section-boxed elementor-section-height-default elementor-section-height-default\" data-id=\"f2cf833\" data-element_type=\"section\" data-settings=\"{&quot;jet_parallax_layout_list&quot;:[],&quot;background_background&quot;:&quot;classic&quot;}\">\n\t\t\t\t\t\t<div class=\"elementor-container elementor-column-gap-default\">\n\t\t\t\t\t\t\t<div class=\"elementor-row\">\n\t\t\t\t\t<div class=\"elementor-column elementor-col-50 elementor-top-column elementor-element elementor-element-1e2dedc\" data-id=\"1e2dedc\" data-element_type=\"column\">\n\t\t\t<div class=\"elementor-column-wrap elementor-element-populated\">\n\t\t\t\t\t\t\t<div class=\"elementor-widget-wrap\">\n\t\t\t\t\t\t<div class=\"elementor-element elementor-element-a806dd3 elementor-widget elementor-widget-heading\" data-id=\"a806dd3\" data-element_type=\"widget\" data-widget_type=\"heading.default\">\n\t\t\t\t<div class=\"elementor-widget-container\">\n\t\t\t<h3 class=\"elementor-heading-title elementor-size-default\">SEU PET MERECE UM ATENDIMENTO DE QUALIDADE.<\/h3>\t\t<\/div>\n\t\t\t\t<\/div>\n\t\t\t\t<div class=\"elementor-element elementor-element-e166c03 elementor-widget elementor-widget-text-editor\" data-id=\"e166c03\" data-element_type=\"widget\" data-widget_type=\"text-editor.default\">\n\t\t\t\t<div class=\"elementor-widget-container\">\n\t\t\t\t\t\t\t\t<div class=\"elementor-text-editor elementor-clearfix\">\n\t\t\t\t<p>Nossa unidade possui estrutura de alta qualidade, que deixa o diagn\u00f3stico m\u00e9dico mais \u00e1gil e valoriza a sa\u00fade do seu bichinho!<\/p>\t\t\t\t\t<\/div>\n\t\t\t\t\t\t<\/div>\n\t\t\t\t<\/div>\n\t\t\t\t\t\t<\/div>\n\t\t\t\t\t<\/div>\n\t\t<\/div>\n\t\t\t\t<div class=\"elementor-column elementor-col-50 elementor-top-column elementor-element elementor-element-5d5f0be\" data-id=\"5d5f0be\" data-element_type=\"column\">\n\t\t\t<div class=\"elementor-column-wrap elementor-element-populated\">\n\t\t\t\t\t\t\t<div class=\"elementor-widget-wrap\">\n\t\t\t\t\t\t<div class=\"elementor-element elementor-element-e29c994 elementor-widget elementor-widget-heading\" data-id=\"e29c994\" data-element_type=\"widget\" data-widget_type=\"heading.default\">\n\t\t\t\t<div class=\"elementor-widget-container\">\n\t\t\t<h3 class=\"elementor-heading-title elementor-size-default\">AGENDE AGORA!<\/h3>\t\t<\/div>\n\t\t\t\t<\/div>\n\t\t\t\t<div class=\"elementor-element elementor-element-b60dda9 elementor-button-align-stretch elementor-widget elementor-widget-form\" data-id=\"b60dda9\" data-element_type=\"widget\" data-settings=\"{&quot;step_next_label&quot;:&quot;Next&quot;,&quot;step_previous_label&quot;:&quot;Previous&quot;,&quot;button_width&quot;:&quot;100&quot;,&quot;step_type&quot;:&quot;number_text&quot;,&quot;step_icon_shape&quot;:&quot;circle&quot;}\" data-widget_type=\"form.default\">\n\t\t\t\t<div class=\"elementor-widget-container\">\n\t\t\t\t\t<form class=\"elementor-form\" method=\"post\" name=\"New Form\">\n\t\t\t<input type=\"hidden\" name=\"post_id\" value=\"529\"\/>\n\t\t\t<input type=\"hidden\" name=\"form_id\" value=\"b60dda9\"\/>\n\t\t\t<input type=\"hidden\" name=\"referer_title\" value=\"AMAZOO CLINICA VETERIN\u00c1RIA\" \/>\n\n\t\t\t\n\t\t\t<div class=\"elementor-form-fields-wrapper elementor-labels-\">\n\t\t\t\t\t\t\t\t<div class=\"elementor-field-type-text elementor-field-group elementor-column elementor-field-group-name elementor-col-100\">\n\t\t\t\t\t\t\t\t\t\t\t\t<label for=\"form-field-name\" class=\"elementor-field-label elementor-screen-only\">\n\t\t\t\t\t\t\t\tNome\t\t\t\t\t\t\t<\/label>\n\t\t\t\t\t\t\t\t\t\t\t\t\t\t<input size=\"1\" type=\"text\" name=\"form_fields[name]\" id=\"form-field-name\" class=\"elementor-field elementor-size-sm  elementor-field-textual\" placeholder=\"Nome\">\n\t\t\t\t\t\t\t\t\t\t\t<\/div>\n\t\t\t\t\t\t\t\t<div class=\"elementor-field-type-email elementor-field-group elementor-column elementor-field-group-email elementor-col-100 elementor-field-required\">\n\t\t\t\t\t\t\t\t\t\t\t\t<label for=\"form-field-email\" class=\"elementor-field-label elementor-screen-only\">\n\t\t\t\t\t\t\t\tE-mail\t\t\t\t\t\t\t<\/label>\n\t\t\t\t\t\t\t\t\t\t\t\t\t\t<input size=\"1\" type=\"email\" name=\"form_fields[email]\" id=\"form-field-email\" class=\"elementor-field elementor-size-sm  elementor-field-textual\" placeholder=\"E-mail\" required=\"required\" aria-required=\"true\">\n\t\t\t\t\t\t\t\t\t\t\t<\/div>\n\t\t\t\t\t\t\t\t<div class=\"elementor-field-type-number elementor-field-group elementor-column elementor-field-group-field_9bb4f7f elementor-col-100\">\n\t\t\t\t\t\t\t\t\t\t\t\t<label for=\"form-field-field_9bb4f7f\" class=\"elementor-field-label elementor-screen-only\">\n\t\t\t\t\t\t\t\tWhatsApp\t\t\t\t\t\t\t<\/label>\n\t\t\t\t\t\t\t\t\t<input type=\"number\" name=\"form_fields[field_9bb4f7f]\" id=\"form-field-field_9bb4f7f\" class=\"elementor-field elementor-size-sm  elementor-field-textual\" placeholder=\"WhatsApp\" min=\"\" max=\"\" >\n\t\t\t\t\t\t<\/div>\n\t\t\t\t\t\t\t\t<div class=\"elementor-field-type-hcaptcha elementor-field-group elementor-column elementor-field-group-field_13e47b6 elementor-col-100\">\n\t\t\t\t\t<div class=\"elementor-field\" id=\"form-field-field_13e47b6\"><div class=\"elementor-hcaptcha\">\t\t<div\n\t\t\tclass=\"h-captcha\"\n\t\t\tdata-sitekey=\"2b1f348e-c6a5-483a-95ed-5857a1eac35c\"\n\t\t\tdata-theme=\"light\"\n\t\t\tdata-size=\"normal\"\n\t\t\tdata-auto=\"false\">\n\t\t<\/div>\n\t\t<\/div><\/div>\t\t\t\t<\/div>\n\t\t\t\t\t\t\t\t<div class=\"elementor-field-group elementor-column elementor-field-type-submit elementor-col-100 e-form__buttons\">\n\t\t\t\t\t<button type=\"submit\" class=\"elementor-button elementor-size-sm\">\n\t\t\t\t\t\t<span >\n\t\t\t\t\t\t\t\t\t\t\t\t\t\t\t<span class=\" elementor-button-icon\">\n\t\t\t\t\t\t\t\t\t\t\t\t\t\t\t\t\t\t\t\t\t\t\t\t\t\t<\/span>\n\t\t\t\t\t\t\t\t\t\t\t\t\t\t\t\t\t\t\t\t\t\t<span class=\"elementor-button-text\">SOLICITAR AGENDAMENTO<\/span>\n\t\t\t\t\t\t\t\t\t\t\t\t\t<\/span>\n\t\t\t\t\t<\/button>\n\t\t\t\t<\/div>\n\t\t\t<\/div>\n\t\t<\/form>\n\t\t\t\t<\/div>\n\t\t\t\t<\/div>\n\t\t\t\t\t\t<\/div>\n\t\t\t\t\t<\/div>\n\t\t<\/div>\n\t\t\t\t\t\t\t\t<\/div>\n\t\t\t\t\t<\/div>\n\t\t<\/section>\n\t\t\t\t\t\t\t\t\t<\/div>\n\t\t\t<\/div>\n\t\t\t\t\t<\/div>\n\t\t","protected":false},"excerpt":{"rendered":"<p>O que \u00e9 avaliado no check-up? Seu amigo passa, no check-up, por uma anamnese, avalia\u00e7\u00e3o f\u00edsica e, em alguns casos, exames laboratoriais para garantir que ele esteja saud\u00e1vel, e outras, sendo listadas: Anamnese; Exame f\u00edsico; Hemograma; Fun\u00e7\u00e3o Hep\u00e1tica Verm\u00edfugo; Exame de urina; Exame de fezes; Ultrassonografia abdominal; Eletrocardiograma; Vacina\u00e7\u00e3o Medir temperatura corporal; Conferir a sa\u00fade [&hellip;]<\/p>\n","protected":false},"author":1,"featured_media":0,"parent":0,"menu_order":0,"comment_status":"closed","ping_status":"closed","template":"","meta":{"wp_social_preview_title":"","wp_social_preview_description":"","wp_social_preview_image":0,"footnotes":""},"class_list":["post-529","page","type-page","status-publish","hentry"],"yoast_head":"<!-- This site is optimized with the Yoast SEO plugin v21.7 - https:\/\/yoast.com\/wordpress\/plugins\/seo\/ -->\n<title>Consulta | AMAZOO CLINICA VETERIN\u00c1RIA<\/title>\n<meta name=\"robots\" content=\"noindex, nofollow\" \/>\n<meta property=\"og:locale\" content=\"pt_BR\" \/>\n<meta property=\"og:type\" content=\"article\" \/>\n<meta property=\"og:title\" content=\"Consulta | AMAZOO CLINICA VETERIN\u00c1RIA\" \/>\n<meta property=\"og:description\" content=\"O que \u00e9 avaliado no check-up? Seu amigo passa, no check-up, por uma anamnese, avalia\u00e7\u00e3o f\u00edsica e, em alguns casos, exames laboratoriais para garantir que ele esteja saud\u00e1vel, e outras, sendo listadas: Anamnese; Exame f\u00edsico; Hemograma; Fun\u00e7\u00e3o Hep\u00e1tica Verm\u00edfugo; Exame de urina; Exame de fezes; Ultrassonografia abdominal; Eletrocardiograma; Vacina\u00e7\u00e3o Medir temperatura corporal; Conferir a sa\u00fade [&hellip;]\" \/>\n<meta property=\"og:url\" content=\"https:\/\/amazoo.vet.br\/?page_id=529\" \/>\n<meta property=\"og:site_name\" content=\"AMAZOO CLINICA VETERIN\u00c1RIA\" \/>\n<meta property=\"article:publisher\" content=\"https:\/\/facebook.com\/clinicaamazoo\" \/>\n<meta property=\"article:modified_time\" content=\"2023-12-15T20:06:06+00:00\" \/>\n<meta property=\"og:image\" content=\"https:\/\/amazoo.vet.br\/wp-content\/uploads\/2022\/11\/logomarca.png\" \/>\n\t<meta property=\"og:image:width\" content=\"2554\" \/>\n\t<meta property=\"og:image:height\" content=\"2126\" \/>\n\t<meta property=\"og:image:type\" content=\"image\/png\" \/>\n<meta name=\"twitter:card\" content=\"summary_large_image\" \/>\n<meta name=\"twitter:label1\" content=\"Est. tempo de leitura\" \/>\n\t<meta name=\"twitter:data1\" content=\"1 minuto\" \/>\n<script type=\"application\/ld+json\" class=\"yoast-schema-graph\">{\"@context\":\"https:\/\/schema.org\",\"@graph\":[{\"@type\":\"WebPage\",\"@id\":\"https:\/\/amazoo.vet.br\/?page_id=529\",\"url\":\"https:\/\/amazoo.vet.br\/?page_id=529\",\"name\":\"Consulta | AMAZOO CLINICA VETERIN\u00c1RIA\",\"isPartOf\":{\"@id\":\"https:\/\/amazoo.vet.br\/#website\"},\"datePublished\":\"2022-11-08T12:49:01+00:00\",\"dateModified\":\"2023-12-15T20:06:06+00:00\",\"breadcrumb\":{\"@id\":\"https:\/\/amazoo.vet.br\/?page_id=529#breadcrumb\"},\"inLanguage\":\"pt-BR\",\"potentialAction\":[{\"@type\":\"ReadAction\",\"target\":[\"https:\/\/amazoo.vet.br\/?page_id=529\"]}]},{\"@type\":\"BreadcrumbList\",\"@id\":\"https:\/\/amazoo.vet.br\/?page_id=529#breadcrumb\",\"itemListElement\":[{\"@type\":\"ListItem\",\"position\":1,\"name\":\"In\u00edcio\",\"item\":\"https:\/\/amazoo.vet.br\/\"},{\"@type\":\"ListItem\",\"position\":2,\"name\":\"Consulta\"}]},{\"@type\":\"WebSite\",\"@id\":\"https:\/\/amazoo.vet.br\/#website\",\"url\":\"https:\/\/amazoo.vet.br\/\",\"name\":\"AMAZOO CLINICA VETERIN\u00c1RIA\",\"description\":\"Atendimento de animais de companhia c\u00e3es e gatos\",\"publisher\":{\"@id\":\"https:\/\/amazoo.vet.br\/#organization\"},\"potentialAction\":[{\"@type\":\"SearchAction\",\"target\":{\"@type\":\"EntryPoint\",\"urlTemplate\":\"https:\/\/amazoo.vet.br\/?s={search_term_string}\"},\"query-input\":\"required name=search_term_string\"}],\"inLanguage\":\"pt-BR\"},{\"@type\":\"Organization\",\"@id\":\"https:\/\/amazoo.vet.br\/#organization\",\"name\":\"AMAZOO CLINICA VETERIN\u00c1RIA\",\"url\":\"https:\/\/amazoo.vet.br\/\",\"logo\":{\"@type\":\"ImageObject\",\"inLanguage\":\"pt-BR\",\"@id\":\"https:\/\/amazoo.vet.br\/#\/schema\/logo\/image\/\",\"url\":\"https:\/\/amazoo.vet.br\/wp-content\/uploads\/2022\/11\/favicon.png\",\"contentUrl\":\"https:\/\/amazoo.vet.br\/wp-content\/uploads\/2022\/11\/favicon.png\",\"width\":512,\"height\":512,\"caption\":\"AMAZOO CLINICA VETERIN\u00c1RIA\"},\"image\":{\"@id\":\"https:\/\/amazoo.vet.br\/#\/schema\/logo\/image\/\"},\"sameAs\":[\"https:\/\/facebook.com\/clinicaamazoo\"]}]}<\/script>\n<!-- \/ Yoast SEO plugin. -->","yoast_head_json":{"title":"Consulta | AMAZOO CLINICA VETERIN\u00c1RIA","robots":{"index":"noindex","follow":"nofollow"},"og_locale":"pt_BR","og_type":"article","og_title":"Consulta | AMAZOO CLINICA VETERIN\u00c1RIA","og_description":"O que \u00e9 avaliado no check-up? Seu amigo passa, no check-up, por uma anamnese, avalia\u00e7\u00e3o f\u00edsica e, em alguns casos, exames laboratoriais para garantir que ele esteja saud\u00e1vel, e outras, sendo listadas: Anamnese; Exame f\u00edsico; Hemograma; Fun\u00e7\u00e3o Hep\u00e1tica Verm\u00edfugo; Exame de urina; Exame de fezes; Ultrassonografia abdominal; Eletrocardiograma; Vacina\u00e7\u00e3o Medir temperatura corporal; Conferir a sa\u00fade [&hellip;]","og_url":"https:\/\/amazoo.vet.br\/?page_id=529","og_site_name":"AMAZOO CLINICA VETERIN\u00c1RIA","article_publisher":"https:\/\/facebook.com\/clinicaamazoo","article_modified_time":"2023-12-15T20:06:06+00:00","og_image":[{"width":2554,"height":2126,"url":"https:\/\/amazoo.vet.br\/wp-content\/uploads\/2022\/11\/logomarca.png","type":"image\/png"}],"twitter_card":"summary_large_image","twitter_misc":{"Est. tempo de leitura":"1 minuto"},"schema":{"@context":"https:\/\/schema.org","@graph":[{"@type":"WebPage","@id":"https:\/\/amazoo.vet.br\/?page_id=529","url":"https:\/\/amazoo.vet.br\/?page_id=529","name":"Consulta | AMAZOO CLINICA VETERIN\u00c1RIA","isPartOf":{"@id":"https:\/\/amazoo.vet.br\/#website"},"datePublished":"2022-11-08T12:49:01+00:00","dateModified":"2023-12-15T20:06:06+00:00","breadcrumb":{"@id":"https:\/\/amazoo.vet.br\/?page_id=529#breadcrumb"},"inLanguage":"pt-BR","potentialAction":[{"@type":"ReadAction","target":["https:\/\/amazoo.vet.br\/?page_id=529"]}]},{"@type":"BreadcrumbList","@id":"https:\/\/amazoo.vet.br\/?page_id=529#breadcrumb","itemListElement":[{"@type":"ListItem","position":1,"name":"In\u00edcio","item":"https:\/\/amazoo.vet.br\/"},{"@type":"ListItem","position":2,"name":"Consulta"}]},{"@type":"WebSite","@id":"https:\/\/amazoo.vet.br\/#website","url":"https:\/\/amazoo.vet.br\/","name":"AMAZOO CLINICA VETERIN\u00c1RIA","description":"Atendimento de animais de companhia c\u00e3es e gatos","publisher":{"@id":"https:\/\/amazoo.vet.br\/#organization"},"potentialAction":[{"@type":"SearchAction","target":{"@type":"EntryPoint","urlTemplate":"https:\/\/amazoo.vet.br\/?s={search_term_string}"},"query-input":"required name=search_term_string"}],"inLanguage":"pt-BR"},{"@type":"Organization","@id":"https:\/\/amazoo.vet.br\/#organization","name":"AMAZOO CLINICA VETERIN\u00c1RIA","url":"https:\/\/amazoo.vet.br\/","logo":{"@type":"ImageObject","inLanguage":"pt-BR","@id":"https:\/\/amazoo.vet.br\/#\/schema\/logo\/image\/","url":"https:\/\/amazoo.vet.br\/wp-content\/uploads\/2022\/11\/favicon.png","contentUrl":"https:\/\/amazoo.vet.br\/wp-content\/uploads\/2022\/11\/favicon.png","width":512,"height":512,"caption":"AMAZOO CLINICA VETERIN\u00c1RIA"},"image":{"@id":"https:\/\/amazoo.vet.br\/#\/schema\/logo\/image\/"},"sameAs":["https:\/\/facebook.com\/clinicaamazoo"]}]}},"_links":{"self":[{"href":"https:\/\/amazoo.vet.br\/index.php?rest_route=\/wp\/v2\/pages\/529","targetHints":{"allow":["GET"]}}],"collection":[{"href":"https:\/\/amazoo.vet.br\/index.php?rest_route=\/wp\/v2\/pages"}],"about":[{"href":"https:\/\/amazoo.vet.br\/index.php?rest_route=\/wp\/v2\/types\/page"}],"author":[{"embeddable":true,"href":"https:\/\/amazoo.vet.br\/index.php?rest_route=\/wp\/v2\/users\/1"}],"replies":[{"embeddable":true,"href":"https:\/\/amazoo.vet.br\/index.php?rest_route=%2Fwp%2Fv2%2Fcomments&post=529"}],"version-history":[{"count":47,"href":"https:\/\/amazoo.vet.br\/index.php?rest_route=\/wp\/v2\/pages\/529\/revisions"}],"predecessor-version":[{"id":956,"href":"https:\/\/amazoo.vet.br\/index.php?rest_route=\/wp\/v2\/pages\/529\/revisions\/956"}],"wp:attachment":[{"href":"https:\/\/amazoo.vet.br\/index.php?rest_route=%2Fwp%2Fv2%2Fmedia&parent=529"}],"curies":[{"name":"wp","href":"https:\/\/api.w.org\/{rel}","templated":true}]}}